{"id":540,"date":"2013-07-24T19:45:54","date_gmt":"2013-07-24T19:45:54","guid":{"rendered":"http:\/\/maratonc.si\/?page_id=540"},"modified":"2024-11-30T18:59:24","modified_gmt":"2024-11-30T18:59:24","slug":"kontakt","status":"publish","type":"page","link":"https:\/\/maratonc.si\/?page_id=540","title":{"rendered":"Kontakt"},"content":{"rendered":"<p>V \u0160D Maratonc smo specializirani za skupinska potovanja, osebni pristop in deljenje svoje strasti ter znanja o maratonih z vami. Z ve\u010d kot 15 leti izku\u0161enj pri organizaciji potovanj na evropske in svetovne maratone ponujamo ve\u010d kot le potovanje \u2013 ustvarjamo nepozabna maratonska do\u017eivetja!<\/p><figure class=\"wp-block-image size-full is-resized\"><a href=\"http:\/\/maratonc.si\/wp-content\/uploads\/2024\/11\/logoTAM-removebg-preview-1-1.png\"><img loading=\"lazy\" decoding=\"async\" width=\"591\" height=\"422\" src=\"http:\/\/maratonc.si\/wp-content\/uploads\/2024\/11\/logoTAM-removebg-preview-1-1.png\" alt=\"\" class=\"wp-image-2698\" style=\"width:445px;height:auto\" srcset=\"https:\/\/maratonc.si\/wp-content\/uploads\/2024\/11\/logoTAM-removebg-preview-1-1.png 591w, https:\/\/maratonc.si\/wp-content\/uploads\/2024\/11\/logoTAM-removebg-preview-1-1-300x214.png 300w\" sizes=\"(max-width: 591px) 100vw, 591px\" \/><\/a><\/figure><p>\u010ce i\u0161\u010dete najbolj\u0161o in zabavno dru\u017ebo, zanimive in vedno nove destinacije, atraktivne in tudi za\u017eeljene maratone in polmaratone, potem smo pravi naslov za VAS! <strong>Smo uradni in ekskluzivni slovenski touroperater za vseh 7 maratonov serija Marathon Majors, za vseh 6 polmaratonov serije SuperHalfs in partner skoraj 50 velikih maratonskih dogodkov v Evropi in po svetu.&nbsp;<\/strong><\/p><p>Razumemo, da vsi potniki ne \u017eelijo enakega pristopa, zato ponujamo tudi mo\u017enost samostojnega potovanja, kjer mi zagotovimo paket s startnino in hotelom (lahko tudi transferji), vi pa si potovanje potem na\u010drtujete po svoje. Preprosto in brez skrbi!<\/p><p>Odkrijte najbolj\u0161e iz obeh svetov &#8211; maratonskega in turisti\u010dnega \u2013 z nami ali po svoje!&nbsp;<\/p><p>Kot organizator turisti\u010dnih aran\u017emajev in prodajalec turisti\u010dnih aran\u017emajev poslujemo z licencama \u0161t. 2613 in \u0161t. 2614 Turisti\u010dno gostinske zbornice Slovenije. Imamo tudi licenco turisti\u010dnega vodnika TV1539.<\/p><p>Kontaktirate nas lahko na:<\/p><p>\u0160D Maratonc<br>Beleharjeva 31<br>4208 \u0160en\u010dur<\/p><p>Telefon: <strong>041 431 363<\/strong> (Igor) in <strong>041 709 531<\/strong> (Marko)<br>E-po\u0161ta:<a href=\"mailto:  info@maratonc.si\"> info@maratonc.si<\/a><\/p>","protected":false},"excerpt":{"rendered":"<p>V \u0160D Maratonc smo specializirani za skupinska potovanja, osebni pristop in deljenje svoje strasti ter znanja o maratonih z vami. Z ve\u010d kot 15 leti izku\u0161enj pri organizaciji potovanj na evropske in svetovne maratone ponujamo ve\u010d kot le potovanje \u2013 ustvarjamo nepozabna maratonska do\u017eivetja! \u010ce i\u0161\u010dete najbolj\u0161o in zabavno dru\u017ebo, zanimive in vedno nove destinacije, [&hellip;]<\/p>\n","protected":false},"author":1,"featured_media":2596,"parent":0,"menu_order":10,"comment_status":"open","ping_status":"open","template":"","meta":{"saved_in_kubio":false,"footnotes":""},"class_list":["post-540","page","type-page","status-publish","has-post-thumbnail","hentry"],"kubio_ai_page_context":{"short_desc":"","purpose":"general"},"_links":{"self":[{"href":"https:\/\/maratonc.si\/index.php?rest_route=\/wp\/v2\/pages\/540","targetHints":{"allow":["GET"]}}],"collection":[{"href":"https:\/\/maratonc.si\/index.php?rest_route=\/wp\/v2\/pages"}],"about":[{"href":"https:\/\/maratonc.si\/index.php?rest_route=\/wp\/v2\/types\/page"}],"author":[{"embeddable":true,"href":"https:\/\/maratonc.si\/index.php?rest_route=\/wp\/v2\/users\/1"}],"replies":[{"embeddable":true,"href":"https:\/\/maratonc.si\/index.php?rest_route=%2Fwp%2Fv2%2Fcomments&post=540"}],"version-history":[{"count":18,"href":"https:\/\/maratonc.si\/index.php?rest_route=\/wp\/v2\/pages\/540\/revisions"}],"predecessor-version":[{"id":2701,"href":"https:\/\/maratonc.si\/index.php?rest_route=\/wp\/v2\/pages\/540\/revisions\/2701"}],"wp:featuredmedia":[{"embeddable":true,"href":"https:\/\/maratonc.si\/index.php?rest_route=\/wp\/v2\/media\/2596"}],"wp:attachment":[{"href":"https:\/\/maratonc.si\/index.php?rest_route=%2Fwp%2Fv2%2Fmedia&parent=540"}],"curies":[{"name":"wp","href":"https:\/\/api.w.org\/{rel}","templated":true}]}}